{"id":483,"date":"2024-05-15T09:23:03","date_gmt":"2024-05-15T09:23:03","guid":{"rendered":"https:\/\/www.evolveyourcar.com\/home\/"},"modified":"2024-07-30T07:40:34","modified_gmt":"2024-07-30T07:40:34","slug":"home","status":"publish","type":"page","link":"https:\/\/www.evolveyourcar.com\/no\/","title":{"rendered":"Home"},"content":{"rendered":"\n<div class=\"wp-block-cover\" style=\"min-height:90vh;aspect-ratio:unset;\"><span aria-hidden=\"true\" class=\"wp-block-cover__background has-background-dim-60 has-background-dim wp-block-cover__gradient-background has-background-gradient\" style=\"background:linear-gradient(180deg,rgb(255,255,255) 0%,rgb(0,0,0) 82%)\"><\/span><img loading=\"lazy\" decoding=\"async\" width=\"1920\" height=\"900\" class=\"wp-block-cover__image-background wp-image-427\" alt=\"Transform your automotive experience\" src=\"https:\/\/www.evolveyourcar.com\/wp-content\/uploads\/2024\/07\/Transform-your-automotive-experience.webp\" data-object-fit=\"cover\" srcset=\"https:\/\/www.evolveyourcar.com\/wp-content\/uploads\/2024\/07\/Transform-your-automotive-experience.webp 1920w, https:\/\/www.evolveyourcar.com\/wp-content\/uploads\/2024\/07\/Transform-your-automotive-experience-300x141.webp 300w, https:\/\/www.evolveyourcar.com\/wp-content\/uploads\/2024\/07\/Transform-your-automotive-experience-1024x480.webp 1024w, https:\/\/www.evolveyourcar.com\/wp-content\/uploads\/2024\/07\/Transform-your-automotive-experience-768x360.webp 768w, https:\/\/www.evolveyourcar.com\/wp-content\/uploads\/2024\/07\/Transform-your-automotive-experience-1536x720.webp 1536w\" sizes=\"auto, (max-width: 1920px) 100vw, 1920px\"><div class=\"wp-block-cover__inner-container has-global-padding is-layout-constrained wp-block-cover-is-layout-constrained\">\n<h1 class=\"wp-block-heading has-text-align-center animated backInUp has-base-2-color has-text-color\" style=\"font-size:70px;font-style:normal;font-weight:700;line-height:1.8\">Forvandle bilopplevelsen din!<\/h1>\n\n\n\n<p class=\"has-text-align-center txt-slider animated backInUp slow has-base-2-color has-text-color has-link-color wp-elements-7824207cb54ebc8c886a6f12ff3a8512\" style=\"font-size:40px;font-style:normal;font-weight:600\">I hjertet av innovasjon i bilindustrien<\/p>\n<\/div><\/div>\n\n\n\n<div class=\"wp-block-columns bg-bloc2 has-background is-layout-flex wp-container-core-columns-is-layout-33ba964e wp-block-columns-is-layout-flex\" style=\"background-color:#e2f0fd\">\n<div class=\"wp-block-column bloc2 has-base-2-background-color has-background is-layout-flow wp-block-column-is-layout-flow\" style=\"border-right-color:#e3ecef;border-right-width:2px;padding-top:50px;padding-right:40px;padding-left:40px\">\n<p class=\"has-text-align-center\">Futuristisk teknologi i BMW-biler for \u00e5 redusere CO2-utslipp og drivstofforbruk.<\/p>\n\n\n\n<div style=\"height:20px\" aria-hidden=\"true\" class=\"wp-block-spacer\"><\/div>\n\n\n\n<figure class=\"wp-block-image aligncenter size-full icone\"><img decoding=\"async\" src=\"https:\/\/www.evolveyourcar.com\/wp-content\/uploads\/2024\/07\/icones-01.svg\" alt=\"\" class=\"wp-image-429\"><\/figure>\n<\/div>\n\n\n\n<div class=\"wp-block-column bloc2 has-base-2-background-color has-background is-layout-flow wp-block-column-is-layout-flow\" style=\"border-right-color:#e3ecef;border-right-width:2px;padding-top:50px;padding-right:40px;padding-left:40px\">\n<p class=\"has-text-align-center\">De oppslukende funksjonene og de assisterte kj\u00f8resystemene som tilbys av de nyeste Tesla-modellene.<\/p>\n\n\n\n<div style=\"height:20px\" aria-hidden=\"true\" class=\"wp-block-spacer\"><\/div>\n\n\n\n<figure class=\"wp-block-image aligncenter size-full icone\"><img decoding=\"async\" src=\"https:\/\/www.evolveyourcar.com\/wp-content\/uploads\/2024\/07\/icones-02.svg\" alt=\"\" class=\"wp-image-430\"><\/figure>\n<\/div>\n\n\n\n<div class=\"wp-block-column bloc2 has-base-2-background-color has-background is-layout-flow wp-block-column-is-layout-flow\" style=\"border-right-color:#e3ecef;border-right-width:2px;padding-top:50px;padding-right:40px;padding-left:40px\">\n<p class=\"has-text-align-center\">Hybridkonstruksjoner og b\u00e6rekraftige l\u00f8sninger i nye Porsche-modeller.<\/p>\n\n\n\n<div style=\"height:20px\" aria-hidden=\"true\" class=\"wp-block-spacer\"><\/div>\n\n\n\n<figure class=\"wp-block-image aligncenter size-full icone\"><img decoding=\"async\" src=\"https:\/\/www.evolveyourcar.com\/wp-content\/uploads\/2024\/07\/icones-03.svg\" alt=\"\" class=\"wp-image-431\"><\/figure>\n<\/div>\n<\/div>\n\n\n\n<div style=\"height:150px\" aria-hidden=\"true\" class=\"wp-block-spacer\"><\/div>\n\n\n\n<div class=\"wp-block-columns overflow-hidden is-layout-flex wp-container-core-columns-is-layout-07d4b8eb wp-block-columns-is-layout-flex\" style=\"padding-right:150px;padding-left:150px\">\n<div class=\"wp-block-column is-vertically-aligned-stretch is-layout-flow wp-block-column-is-layout-flow\">\n<div class=\"wp-block-cover\" style=\"min-height:60vh;aspect-ratio:unset;\"><span aria-hidden=\"true\" class=\"wp-block-cover__background has-background-dim-0 has-background-dim\" style=\"background-color:#95b6cf\"><\/span><img loading=\"lazy\" decoding=\"async\" width=\"1024\" height=\"678\" class=\"wp-block-cover__image-background wp-image-433\" alt=\"Futuristic auto technologies\" src=\"https:\/\/www.evolveyourcar.com\/wp-content\/uploads\/2024\/07\/Futuristic-auto-technologies.webp\" data-object-fit=\"cover\" srcset=\"https:\/\/www.evolveyourcar.com\/wp-content\/uploads\/2024\/07\/Futuristic-auto-technologies.webp 1024w, https:\/\/www.evolveyourcar.com\/wp-content\/uploads\/2024\/07\/Futuristic-auto-technologies-300x199.webp 300w, https:\/\/www.evolveyourcar.com\/wp-content\/uploads\/2024\/07\/Futuristic-auto-technologies-768x509.webp 768w\" sizes=\"auto, (max-width: 1024px) 100vw, 1024px\"><div class=\"wp-block-cover__inner-container has-global-padding is-layout-constrained wp-block-cover-is-layout-constrained\">\n<p class=\"has-text-align-center has-large-font-size\"><\/p>\n<\/div><\/div>\n<\/div>\n\n\n\n<div class=\"wp-block-column is-vertically-aligned-center animated slideInRight is-layout-flow wp-block-column-is-layout-flow\">\n<h2 class=\"wp-block-heading has-text-align-left has-text-color has-link-color wp-elements-f8c6321c30a29353feeddee2c180b959\" style=\"color:#09183d;font-size:50px;line-height:2\">Futuristisk bilteknologi<\/h2>\n\n\n\n<p>Ny bilteknologi revolusjonerer kj\u00f8reopplevelsene dine p\u00e5 ulike m\u00e5ter. De har gjort autonom kj\u00f8ring og fjernstyrt bilassistanse mulig.<\/p>\n\n\n\n<p>I hjertet av futuristiske bilinnovasjoner finner du oppkoblede biler, intelligent biltilbeh\u00f8r og -deler, laserlykter og magnetiske fj\u00e6ringer. 360\u00b0 reverseringssensorer og -kameraer integrert i kj\u00f8resystemet ditt hjelper deg n\u00e5r du parkerer. Oppdag ogs\u00e5 biometrisk gjenkjenning, videospeil og biler med intelligente innstillinger.<\/p>\n<\/div>\n<\/div>\n\n\n\n<div style=\"height:200px\" aria-hidden=\"true\" class=\"wp-block-spacer\"><\/div>\n\n\n\n<div class=\"wp-block-group has-background is-layout-flow wp-block-group-is-layout-flow\" style=\"background-color:#e2f0fd;padding-top:0px;padding-bottom:0px\">\n<div class=\"wp-block-columns overflow-hidden is-layout-flex wp-container-core-columns-is-layout-eab46cce wp-block-columns-is-layout-flex\" style=\"padding-top:0px;padding-right:150px;padding-bottom:0px;padding-left:150px\">\n<div class=\"wp-block-column is-vertically-aligned-center animated slideInLeft is-layout-flow wp-block-column-is-layout-flow\" style=\"padding-top:100px;padding-bottom:100px\">\n<h2 class=\"wp-block-heading has-text-align-center has-text-color has-link-color wp-elements-7072ed227a3dbe6383e042a0013c8132\" style=\"color:#09183d;font-size:50px;line-height:2\">Leiebiler<\/h2>\n\n\n\n<h3 class=\"wp-block-heading has-text-align-center has-text-color\" style=\"color:#f8b449;font-size:30px\">PYtelse og kraft p\u00e5 m\u00f8testedet<\/h3>\n\n\n\n<div style=\"height:10px\" aria-hidden=\"true\" class=\"wp-block-spacer\"><\/div>\n\n\n\n<p class=\"has-text-align-center\">Leiebilene er modeller med h\u00f8y ytelse, utstyrt med innovativ teknologi for \u00e5 gi deg en komfortabel og trygg kj\u00f8retur.<\/p>\n\n\n\n<p class=\"has-text-align-center\">Med <a href=\"https:\/\/no.getaround.com\/\" target=\"_blank\" rel=\" \">Getaround<\/a> kan du enkelt leie en romslig og kraftig bil med bare noen f\u00e5 klikk. De tilgjengelige modellene dekker alle behov og passer for b\u00e5de privat- og forretningsreiser. Velg din leiebil basert p\u00e5 dens egenskaper.<\/p>\n<\/div>\n\n\n\n<div class=\"wp-block-column is-vertically-aligned-bottom is-layout-flow wp-block-column-is-layout-flow\" style=\"padding-top:0px;padding-bottom:0px\">\n<figure class=\"wp-block-image aligncenter size-full im2\"><img decoding=\"async\" src=\"https:\/\/www.evolveyourcar.com\/wp-content\/uploads\/2024\/07\/Rental-Cars-01.svg\" alt=\"Rental Cars\" class=\"wp-image-462\"><\/figure>\n<\/div>\n<\/div>\n<\/div>\n\n\n\n<div class=\"wp-block-group has-background is-layout-flow wp-block-group-is-layout-flow\" style=\"background-color:#f8b449;padding-top:0px;padding-bottom:0px\">\n<div style=\"height:80px\" aria-hidden=\"true\" class=\"wp-block-spacer\"><\/div>\n\n\n\n<h2 class=\"wp-block-heading has-text-align-center has-text-color has-link-color wp-elements-bffdef22077bb2e727f398b236197917\" style=\"color:#09183d;font-size:50px;line-height:2\">Personalisering og tuning: teknikker og ideer<\/h2>\n\n\n\n<div style=\"height:30px\" aria-hidden=\"true\" class=\"wp-block-spacer\"><\/div>\n\n\n\n<div class=\"wp-block-columns container is-layout-flex wp-container-core-columns-is-layout-9b24e0e0 wp-block-columns-is-layout-flex\">\n<div class=\"wp-block-column is-vertically-aligned-stretch animated zoomIn is-layout-flow wp-block-column-is-layout-flow\">\n<div class=\"wp-block-cover\" style=\"padding-top:100px;padding-right:100px;padding-bottom:100px;padding-left:100px;min-height:100%;aspect-ratio:unset;\"><span aria-hidden=\"true\" class=\"wp-block-cover__background has-background-dim-0 has-background-dim\" style=\"background-color:#8293a9\"><\/span><img loading=\"lazy\" decoding=\"async\" width=\"636\" height=\"535\" class=\"wp-block-cover__image-background wp-image-440\" alt=\"Special rims and tires\" src=\"https:\/\/www.evolveyourcar.com\/wp-content\/uploads\/2024\/07\/Special-rims-and-tires.webp\" data-object-fit=\"cover\" srcset=\"https:\/\/www.evolveyourcar.com\/wp-content\/uploads\/2024\/07\/Special-rims-and-tires.webp 636w, https:\/\/www.evolveyourcar.com\/wp-content\/uploads\/2024\/07\/Special-rims-and-tires-300x252.webp 300w\" sizes=\"auto, (max-width: 636px) 100vw, 636px\"><div class=\"wp-block-cover__inner-container is-layout-flow wp-block-cover-is-layout-flow\">\n<div class=\"wp-block-group bg-parag is-layout-flow wp-block-group-is-layout-flow\" style=\"padding-top:50px;padding-right:50px;padding-bottom:50px;padding-left:50px\">\n<h3 class=\"wp-block-heading has-text-align-center has-base-2-color has-text-color\" style=\"font-size:28px\">Spesialfelger og -dekk<\/h3>\n\n\n\n<p class=\"has-text-align-center has-base-2-color has-text-color\">Kvalitetsfelger med personlig design og h\u00f8yytelsesdekk, tilpasset ulike veiforhold.<\/p>\n<\/div>\n<\/div><\/div>\n<\/div>\n\n\n\n<div class=\"wp-block-column is-vertically-aligned-stretch animated zoomIn slow is-layout-flow wp-block-column-is-layout-flow\">\n<div class=\"wp-block-cover is-light\" style=\"padding-top:100px;padding-right:100px;padding-bottom:100px;padding-left:100px;min-height:100%;aspect-ratio:unset;\"><span aria-hidden=\"true\" class=\"wp-block-cover__background has-background-dim-0 has-background-dim\" style=\"background-color:#54799e\"><\/span><img loading=\"lazy\" decoding=\"async\" width=\"636\" height=\"535\" class=\"wp-block-cover__image-background wp-image-439\" alt=\"Engine modifications\" src=\"https:\/\/www.evolveyourcar.com\/wp-content\/uploads\/2024\/07\/Engine-modifications.webp\" data-object-fit=\"cover\" srcset=\"https:\/\/www.evolveyourcar.com\/wp-content\/uploads\/2024\/07\/Engine-modifications.webp 636w, https:\/\/www.evolveyourcar.com\/wp-content\/uploads\/2024\/07\/Engine-modifications-300x252.webp 300w\" sizes=\"auto, (max-width: 636px) 100vw, 636px\"><div class=\"wp-block-cover__inner-container is-layout-flow wp-block-cover-is-layout-flow\">\n<div class=\"wp-block-group bg-parag is-layout-flow wp-block-group-is-layout-flow\" style=\"padding-top:50px;padding-right:50px;padding-bottom:50px;padding-left:50px\">\n<h3 class=\"wp-block-heading has-text-align-center has-base-2-color has-text-color\" style=\"font-size:28px\">Modifikasjoner av motoren<\/h3>\n\n\n\n<p class=\"has-text-align-center has-base-2-color has-text-color\">Modifikasjoner av bilens motor for mer effektiv kj\u00f8ring og raskere girskift.<\/p>\n<\/div>\n<\/div><\/div>\n<\/div>\n<\/div>\n\n\n\n<div style=\"height:20px\" aria-hidden=\"true\" class=\"wp-block-spacer\"><\/div>\n\n\n\n<div class=\"wp-block-columns container is-layout-flex wp-container-core-columns-is-layout-9b24e0e0 wp-block-columns-is-layout-flex\">\n<div class=\"wp-block-column is-vertically-aligned-stretch animated zoomIn slower is-layout-flow wp-block-column-is-layout-flow\">\n<div class=\"wp-block-cover\" style=\"padding-top:100px;padding-right:100px;padding-bottom:100px;padding-left:100px;min-height:100%;aspect-ratio:unset;\"><span aria-hidden=\"true\" class=\"wp-block-cover__background has-background-dim-0 has-background-dim\" style=\"background-color:#a9b2bb\"><\/span><img loading=\"lazy\" decoding=\"async\" width=\"636\" height=\"535\" class=\"wp-block-cover__image-background wp-image-438\" alt=\"Custom interiors\" src=\"https:\/\/www.evolveyourcar.com\/wp-content\/uploads\/2024\/07\/Custom-interiors.webp\" data-object-fit=\"cover\" srcset=\"https:\/\/www.evolveyourcar.com\/wp-content\/uploads\/2024\/07\/Custom-interiors.webp 636w, https:\/\/www.evolveyourcar.com\/wp-content\/uploads\/2024\/07\/Custom-interiors-300x252.webp 300w\" sizes=\"auto, (max-width: 636px) 100vw, 636px\"><div class=\"wp-block-cover__inner-container is-layout-flow wp-block-cover-is-layout-flow\">\n<div class=\"wp-block-group bg-parag is-layout-flow wp-block-group-is-layout-flow\" style=\"padding-top:50px;padding-right:50px;padding-bottom:50px;padding-left:50px\">\n<h3 class=\"wp-block-heading has-text-align-center has-base-2-color has-text-color\" style=\"font-size:28px\">Skreddersydd interi\u00f8r<\/h3>\n\n\n\n<p class=\"has-text-align-center has-base-2-color has-text-color\">Personlig tilpasning av interi\u00f8ret i bilen din n\u00e5r det gjelder seter, dashbord, belysning, oppbevaring og oppbevaringsmuligheter.<\/p>\n<\/div>\n<\/div><\/div>\n<\/div>\n\n\n\n<div class=\"wp-block-column is-vertically-aligned-stretch animated zoomIn slow is-layout-flow wp-block-column-is-layout-flow\">\n<div class=\"wp-block-cover\" style=\"padding-top:100px;padding-right:100px;padding-bottom:100px;padding-left:100px;min-height:100%;aspect-ratio:unset;\"><span aria-hidden=\"true\" class=\"wp-block-cover__background has-background-dim-0 has-background-dim\" style=\"background-color:#6f96b5\"><\/span><img loading=\"lazy\" decoding=\"async\" width=\"636\" height=\"535\" class=\"wp-block-cover__image-background wp-image-437\" alt=\"Body kits\" src=\"https:\/\/www.evolveyourcar.com\/wp-content\/uploads\/2024\/07\/Body-kits.webp\" data-object-fit=\"cover\" srcset=\"https:\/\/www.evolveyourcar.com\/wp-content\/uploads\/2024\/07\/Body-kits.webp 636w, https:\/\/www.evolveyourcar.com\/wp-content\/uploads\/2024\/07\/Body-kits-300x252.webp 300w\" sizes=\"auto, (max-width: 636px) 100vw, 636px\"><div class=\"wp-block-cover__inner-container is-layout-flow wp-block-cover-is-layout-flow\">\n<div class=\"wp-block-group bg-parag is-layout-flow wp-block-group-is-layout-flow\" style=\"padding-top:50px;padding-right:50px;padding-bottom:50px;padding-left:50px\">\n<h3 class=\"wp-block-heading has-text-align-center has-base-2-color has-text-color\" style=\"font-size:28px\">Karosserisett<\/h3>\n\n\n\n<p class=\"has-text-align-center has-base-2-color has-text-color\">De forskjellige settene for \u00e5 tilpasse karosseriet ditt: dekkl\u00f8sning, tilpassede st\u00f8tfangere, finner, frontlykter og innovative speil.<\/p>\n<\/div>\n<\/div><\/div>\n<\/div>\n<\/div>\n\n\n\n<div style=\"height:100px\" aria-hidden=\"true\" class=\"wp-block-spacer\"><\/div>\n<\/div>\n\n\n\n<div class=\"wp-block-cover\" style=\"margin-bottom:100px;min-height:60vh;aspect-ratio:unset;\"><span aria-hidden=\"true\" class=\"wp-block-cover__background has-contrast-background-color has-background-dim\"><\/span><img loading=\"lazy\" decoding=\"async\" width=\"1920\" height=\"900\" class=\"wp-block-cover__image-background wp-image-449\" alt=\"Ecology and sustainability, reinventing the automobile\" src=\"https:\/\/www.evolveyourcar.com\/wp-content\/uploads\/2024\/07\/Ecology-and-sustainability-reinventing-the-automobile.webp\" data-object-fit=\"cover\" srcset=\"https:\/\/www.evolveyourcar.com\/wp-content\/uploads\/2024\/07\/Ecology-and-sustainability-reinventing-the-automobile.webp 1920w, https:\/\/www.evolveyourcar.com\/wp-content\/uploads\/2024\/07\/Ecology-and-sustainability-reinventing-the-automobile-300x141.webp 300w, https:\/\/www.evolveyourcar.com\/wp-content\/uploads\/2024\/07\/Ecology-and-sustainability-reinventing-the-automobile-1024x480.webp 1024w, https:\/\/www.evolveyourcar.com\/wp-content\/uploads\/2024\/07\/Ecology-and-sustainability-reinventing-the-automobile-768x360.webp 768w, https:\/\/www.evolveyourcar.com\/wp-content\/uploads\/2024\/07\/Ecology-and-sustainability-reinventing-the-automobile-1536x720.webp 1536w\" sizes=\"auto, (max-width: 1920px) 100vw, 1920px\"><div class=\"wp-block-cover__inner-container has-global-padding is-layout-constrained wp-block-cover-is-layout-constrained\">\n<h2 class=\"wp-block-heading has-text-align-center has-base-2-color has-text-color\" style=\"font-size:50px;line-height:2\">\u00d8kologi og b\u00e6rekraft: Bilen finner opp bilen p\u00e5 nytt<\/h2>\n\n\n\n<p class=\"has-text-align-center\">Bilprodusentene utvikler mer b\u00e6rekraftige og milj\u00f8vennlige modeller for \u00e5 fornye bilindustrien, fra sedaner til stasjonsvogner.<\/p>\n\n\n\n<p class=\"has-text-align-center\">De tilbyr biler med 100 % elektriske, ladbare hybridmotorer, LPG- eller CNG-motorer for \u00e5 redusere forurensningen fra CO2-utslipp under kj\u00f8ring. Disse bilene er ogs\u00e5 designet med materialer som er mer motstandsdyktige mot st\u00f8t og ekstreme v\u00e6rforhold takket v\u00e6re innovativ teknologi.<\/p>\n<\/div><\/div>\n\n\n\n<div class=\"wp-block-group overflow-hidden is-layout-flow wp-block-group-is-layout-flow\">\n<h2 class=\"wp-block-heading has-text-align-center has-text-color\" style=\"color:#09183d;font-size:50px;line-height:2\">Innovasjoner innen bilsikkerhet<\/h2>\n\n\n\n<div style=\"height:30px\" aria-hidden=\"true\" class=\"wp-block-spacer\"><\/div>\n\n\n\n<div class=\"wp-block-columns container is-layout-flex wp-container-core-columns-is-layout-9b24e0e0 wp-block-columns-is-layout-flex\">\n<div class=\"wp-block-column animated slideInRight is-layout-flow wp-block-column-is-layout-flow\">\n<figure class=\"wp-block-image size-full\"><img loading=\"lazy\" decoding=\"async\" width=\"457\" height=\"468\" src=\"https:\/\/www.evolveyourcar.com\/wp-content\/uploads\/2024\/07\/Parking-assistance.webp\" alt=\"Parking assistance\" class=\"wp-image-454\" srcset=\"https:\/\/www.evolveyourcar.com\/wp-content\/uploads\/2024\/07\/Parking-assistance.webp 457w, https:\/\/www.evolveyourcar.com\/wp-content\/uploads\/2024\/07\/Parking-assistance-293x300.webp 293w\" sizes=\"auto, (max-width: 457px) 100vw, 457px\"><\/figure>\n\n\n\n<div style=\"height:10px\" aria-hidden=\"true\" class=\"wp-block-spacer\"><\/div>\n\n\n\n<h3 class=\"wp-block-heading has-text-color\" style=\"color:#09183d;font-size:22px\">Parkeringsassistanse<\/h3>\n\n\n\n<p>Intelligente enheter som hjelper deg n\u00e5r du parkerer og man\u00f8vrerer p\u00e5 parkeringsplasser.<\/p>\n<\/div>\n\n\n\n<div class=\"wp-block-column animated slideInRight slow is-layout-flow wp-block-column-is-layout-flow\">\n<figure class=\"wp-block-image size-full\"><img loading=\"lazy\" decoding=\"async\" width=\"457\" height=\"468\" src=\"https:\/\/www.evolveyourcar.com\/wp-content\/uploads\/2024\/07\/Blind-spot-detection.webp\" alt=\"Blind spot detection\" class=\"wp-image-453\" srcset=\"https:\/\/www.evolveyourcar.com\/wp-content\/uploads\/2024\/07\/Blind-spot-detection.webp 457w, https:\/\/www.evolveyourcar.com\/wp-content\/uploads\/2024\/07\/Blind-spot-detection-293x300.webp 293w\" sizes=\"auto, (max-width: 457px) 100vw, 457px\"><\/figure>\n\n\n\n<div style=\"height:10px\" aria-hidden=\"true\" class=\"wp-block-spacer\"><\/div>\n\n\n\n<h3 class=\"wp-block-heading has-text-color\" style=\"color:#09183d;font-size:22px\">Deteksjon av blindsoner<\/h3>\n\n\n\n<p>Systemer som oppdager alle blindsoner for \u00e5 gj\u00f8re retningsendringene dine tryggere.<\/p>\n<\/div>\n\n\n\n<div class=\"wp-block-column animated slideInRight slower is-layout-flow wp-block-column-is-layout-flow\">\n<figure class=\"wp-block-image size-full\"><img loading=\"lazy\" decoding=\"async\" width=\"457\" height=\"468\" src=\"https:\/\/www.evolveyourcar.com\/wp-content\/uploads\/2024\/07\/Advanced-braking-systems.webp\" alt=\"Advanced braking systems\" class=\"wp-image-452\" srcset=\"https:\/\/www.evolveyourcar.com\/wp-content\/uploads\/2024\/07\/Advanced-braking-systems.webp 457w, https:\/\/www.evolveyourcar.com\/wp-content\/uploads\/2024\/07\/Advanced-braking-systems-293x300.webp 293w\" sizes=\"auto, (max-width: 457px) 100vw, 457px\"><\/figure>\n\n\n\n<div style=\"height:10px\" aria-hidden=\"true\" class=\"wp-block-spacer\"><\/div>\n\n\n\n<h3 class=\"wp-block-heading has-text-color\" style=\"color:#09183d;font-size:22px;line-height:1.6\">Avanserte bremsesystemer<\/h3>\n\n\n\n<p>Intelligente bremsesystemer som bremser kj\u00f8ret\u00f8yet s\u00e5 snart de oppdager fare.<\/p>\n<\/div>\n<\/div>\n<\/div>\n\n\n\n<div style=\"height:100px\" aria-hidden=\"true\" class=\"wp-block-spacer\"><\/div>\n\n\n\n<div class=\"wp-block-group has-background has-global-padding is-layout-constrained wp-block-group-is-layout-constrained\" style=\"background-color:#e2f0fd;padding-top:150px;padding-bottom:150px\">\n<h2 class=\"wp-block-heading has-text-align-center has-text-color\" style=\"color:#09183d;font-size:50px;line-height:2\">Banebrytende bildesign<\/h2>\n\n\n\n<p class=\"has-text-align-center\">Velg banebrytende bildesign med en bilfarge som har effekt, tonede vinduer, st\u00f8tfangere og speil med 3D-finish. Du kan enkelt tilpasse bilen din ved \u00e5 tilpasse karosseri, felger, belysning og vinduer med ulike m\u00f8nstre, teksturer og valg av innovative materialer. Mulighetene er ubegrensede.<\/p>\n\n\n\n<p class=\"has-text-align-center\">La deg inspirere av nye trender innen bildesign, med griller med gradient, kobberinnsatser, frontlykter i to trinn og kromdetaljer.<\/p>\n<\/div>\n","protected":false},"excerpt":{"rendered":"<p>Futuristisk teknologi i BMW-biler for \u00e5 redusere CO2-utslipp og drivstofforbruk. De oppslukende funksjonene og de assisterte kj\u00f8resystemene som tilbys av de nyeste Tesla-modellene. Hybridkonstruksjoner og b\u00e6rekraftige l\u00f8sninger i nye Porsche-modeller. Futuristisk bilteknologi Ny bilteknologi revolusjonerer kj\u00f8reopplevelsene dine p\u00e5 ulike m\u00e5ter&#8230;.<\/p>\n","protected":false},"author":2,"featured_media":0,"parent":0,"menu_order":0,"comment_status":"closed","ping_status":"closed","template":"","meta":{"footnotes":""},"class_list":["post-483","page","type-page","status-publish","hentry"],"_links":{"self":[{"href":"https:\/\/www.evolveyourcar.com\/no\/wp-json\/wp\/v2\/pages\/483","targetHints":{"allow":["GET"]}}],"collection":[{"href":"https:\/\/www.evolveyourcar.com\/no\/wp-json\/wp\/v2\/pages"}],"about":[{"href":"https:\/\/www.evolveyourcar.com\/no\/wp-json\/wp\/v2\/types\/page"}],"author":[{"embeddable":true,"href":"https:\/\/www.evolveyourcar.com\/no\/wp-json\/wp\/v2\/users\/2"}],"replies":[{"embeddable":true,"href":"https:\/\/www.evolveyourcar.com\/no\/wp-json\/wp\/v2\/comments?post=483"}],"version-history":[{"count":4,"href":"https:\/\/www.evolveyourcar.com\/no\/wp-json\/wp\/v2\/pages\/483\/revisions"}],"predecessor-version":[{"id":653,"href":"https:\/\/www.evolveyourcar.com\/no\/wp-json\/wp\/v2\/pages\/483\/revisions\/653"}],"wp:attachment":[{"href":"https:\/\/www.evolveyourcar.com\/no\/wp-json\/wp\/v2\/media?parent=483"}],"curies":[{"name":"wp","href":"https:\/\/api.w.org\/{rel}","templated":true}]}}